{"id":11772,"date":"2022-09-29T13:13:52","date_gmt":"2022-09-29T11:13:52","guid":{"rendered":"https:\/\/taconeo.es\/tienda\/?post_type=product&#038;p=11772"},"modified":"2022-11-10T23:12:06","modified_gmt":"2022-11-10T22:12:06","slug":"botin-leuri","status":"publish","type":"product","link":"https:\/\/taconeo.es\/es\/producto\/botin-leuri\/","title":{"rendered":"Bot\u00edn Leuri"},"content":{"rendered":"<p>Colores: HIELO \u00b7 NEGRO \u00b7 CUERO<\/p>\n<p>Numeraci\u00f3n: 35, 36, 37, 38, 39, 40, 41<\/p>\n<p>&#8211; Altura del tac\u00f3n \/ cu\u00f1a (cm): 7<\/p>\n<p>&#8211; Material exterior-Corte : Piel<\/p>\n<p>&#8211; Plantilla: Piel y Gel<\/p>\n<p>&#8211; Material interior- Forro: Piel<\/p>\n<p>&#8211; Piso-suela: Goma<\/p>\n","protected":false},"excerpt":{"rendered":"<p>Bot\u00edn se\u00f1ora piel<\/p>\n","protected":false},"featured_media":11794,"template":"","meta":[],"product_cat":[348,350,344],"product_tag":[],"yoast_head":"<!-- This site is optimized with the Yoast SEO plugin v20.1 - https:\/\/yoast.com\/wordpress\/plugins\/seo\/ -->\n<title>Bot\u00edn Leuri - TACONEO SHOP<\/title>\n<meta name=\"robots\" content=\"index, follow, max-snippet:-1, max-image-preview:large, max-video-preview:-1\" \/>\n<link rel=\"canonical\" href=\"https:\/\/taconeo.es\/es\/producto\/botin-leuri\/\" \/>\n<meta property=\"og:locale\" content=\"es_ES\" \/>\n<meta property=\"og:type\" content=\"article\" \/>\n<meta property=\"og:title\" content=\"Bot\u00edn Leuri - TACONEO SHOP\" \/>\n<meta property=\"og:description\" content=\"Bot\u00edn se\u00f1ora piel\" \/>\n<meta property=\"og:url\" content=\"https:\/\/taconeo.es\/es\/producto\/botin-leuri\/\" \/>\n<meta property=\"og:site_name\" content=\"TACONEO SHOP\" \/>\n<meta property=\"article:modified_time\" content=\"2022-11-10T22:12:06+00:00\" \/>\n<meta property=\"og:image\" content=\"https:\/\/taconeo.es\/es\/wp-content\/uploads\/sites\/2\/2022\/09\/mmod_11565_14151-1519513803.jpg\" \/>\n\t<meta property=\"og:image:width\" content=\"800\" \/>\n\t<meta property=\"og:image:height\" content=\"800\" \/>\n\t<meta property=\"og:image:type\" content=\"image\/jpeg\" \/>\n<meta name=\"twitter:card\" content=\"summary_large_image\" \/>\n<meta name=\"twitter:label1\" content=\"Tiempo de lectura\" \/>\n\t<meta name=\"twitter:data1\" content=\"1 minuto\" \/>\n<script type=\"application\/ld+json\" class=\"yoast-schema-graph\">{\"@context\":\"https:\/\/schema.org\",\"@graph\":[{\"@type\":\"WebPage\",\"@id\":\"https:\/\/taconeo.es\/es\/producto\/botin-leuri\/\",\"url\":\"https:\/\/taconeo.es\/es\/producto\/botin-leuri\/\",\"name\":\"Bot\u00edn Leuri - TACONEO SHOP\",\"isPartOf\":{\"@id\":\"https:\/\/taconeo.es\/es\/#website\"},\"datePublished\":\"2022-09-29T11:13:52+00:00\",\"dateModified\":\"2022-11-10T22:12:06+00:00\",\"breadcrumb\":{\"@id\":\"https:\/\/taconeo.es\/es\/producto\/botin-leuri\/#breadcrumb\"},\"inLanguage\":\"es\",\"potentialAction\":[{\"@type\":\"ReadAction\",\"target\":[\"https:\/\/taconeo.es\/es\/producto\/botin-leuri\/\"]}]},{\"@type\":\"BreadcrumbList\",\"@id\":\"https:\/\/taconeo.es\/es\/producto\/botin-leuri\/#breadcrumb\",\"itemListElement\":[{\"@type\":\"ListItem\",\"position\":1,\"name\":\"Inicio\",\"item\":\"https:\/\/taconeo.es\/es\/\"},{\"@type\":\"ListItem\",\"position\":2,\"name\":\"Tienda\",\"item\":\"https:\/\/taconeo.es\/es\/tienda\/\"},{\"@type\":\"ListItem\",\"position\":3,\"name\":\"Bot\u00edn Leuri\"}]},{\"@type\":\"WebSite\",\"@id\":\"https:\/\/taconeo.es\/es\/#website\",\"url\":\"https:\/\/taconeo.es\/es\/\",\"name\":\"TACONEO SHOP\",\"description\":\"Zapatos entre amigas\",\"publisher\":{\"@id\":\"https:\/\/taconeo.es\/es\/#organization\"},\"potentialAction\":[{\"@type\":\"SearchAction\",\"target\":{\"@type\":\"EntryPoint\",\"urlTemplate\":\"https:\/\/taconeo.es\/es\/?s={search_term_string}\"},\"query-input\":\"required name=search_term_string\"}],\"inLanguage\":\"es\"},{\"@type\":\"Organization\",\"@id\":\"https:\/\/taconeo.es\/es\/#organization\",\"name\":\"TACONEO SHOP\",\"url\":\"https:\/\/taconeo.es\/es\/\",\"logo\":{\"@type\":\"ImageObject\",\"inLanguage\":\"es\",\"@id\":\"https:\/\/taconeo.es\/es\/#\/schema\/logo\/image\/\",\"url\":\"https:\/\/taconeo.es\/es\/wp-content\/uploads\/sites\/2\/2022\/08\/fondo_transparente_TACONEO_red_ventas-directas_zapatos_calzado_espanol_calidad_precio_ventas_online_tienda_exclusiva_descuentos_afiliacion_oportunidad_trabajo_laboral_mujer_mujeres_em-1.png\",\"contentUrl\":\"https:\/\/taconeo.es\/es\/wp-content\/uploads\/sites\/2\/2022\/08\/fondo_transparente_TACONEO_red_ventas-directas_zapatos_calzado_espanol_calidad_precio_ventas_online_tienda_exclusiva_descuentos_afiliacion_oportunidad_trabajo_laboral_mujer_mujeres_em-1.png\",\"width\":1024,\"height\":800,\"caption\":\"TACONEO SHOP\"},\"image\":{\"@id\":\"https:\/\/taconeo.es\/es\/#\/schema\/logo\/image\/\"}}]}<\/script>\n<!-- \/ Yoast SEO plugin. -->","yoast_head_json":{"title":"Bot\u00edn Leuri - TACONEO SHOP","robots":{"index":"index","follow":"follow","max-snippet":"max-snippet:-1","max-image-preview":"max-image-preview:large","max-video-preview":"max-video-preview:-1"},"canonical":"https:\/\/taconeo.es\/es\/producto\/botin-leuri\/","og_locale":"es_ES","og_type":"article","og_title":"Bot\u00edn Leuri - TACONEO SHOP","og_description":"Bot\u00edn se\u00f1ora piel","og_url":"https:\/\/taconeo.es\/es\/producto\/botin-leuri\/","og_site_name":"TACONEO SHOP","article_modified_time":"2022-11-10T22:12:06+00:00","og_image":[{"width":800,"height":800,"url":"https:\/\/taconeo.es\/es\/wp-content\/uploads\/sites\/2\/2022\/09\/mmod_11565_14151-1519513803.jpg","type":"image\/jpeg"}],"twitter_card":"summary_large_image","twitter_misc":{"Tiempo de lectura":"1 minuto"},"schema":{"@context":"https:\/\/schema.org","@graph":[{"@type":"WebPage","@id":"https:\/\/taconeo.es\/es\/producto\/botin-leuri\/","url":"https:\/\/taconeo.es\/es\/producto\/botin-leuri\/","name":"Bot\u00edn Leuri - TACONEO SHOP","isPartOf":{"@id":"https:\/\/taconeo.es\/es\/#website"},"datePublished":"2022-09-29T11:13:52+00:00","dateModified":"2022-11-10T22:12:06+00:00","breadcrumb":{"@id":"https:\/\/taconeo.es\/es\/producto\/botin-leuri\/#breadcrumb"},"inLanguage":"es","potentialAction":[{"@type":"ReadAction","target":["https:\/\/taconeo.es\/es\/producto\/botin-leuri\/"]}]},{"@type":"BreadcrumbList","@id":"https:\/\/taconeo.es\/es\/producto\/botin-leuri\/#breadcrumb","itemListElement":[{"@type":"ListItem","position":1,"name":"Inicio","item":"https:\/\/taconeo.es\/es\/"},{"@type":"ListItem","position":2,"name":"Tienda","item":"https:\/\/taconeo.es\/es\/tienda\/"},{"@type":"ListItem","position":3,"name":"Bot\u00edn Leuri"}]},{"@type":"WebSite","@id":"https:\/\/taconeo.es\/es\/#website","url":"https:\/\/taconeo.es\/es\/","name":"TACONEO SHOP","description":"Zapatos entre amigas","publisher":{"@id":"https:\/\/taconeo.es\/es\/#organization"},"potentialAction":[{"@type":"SearchAction","target":{"@type":"EntryPoint","urlTemplate":"https:\/\/taconeo.es\/es\/?s={search_term_string}"},"query-input":"required name=search_term_string"}],"inLanguage":"es"},{"@type":"Organization","@id":"https:\/\/taconeo.es\/es\/#organization","name":"TACONEO SHOP","url":"https:\/\/taconeo.es\/es\/","logo":{"@type":"ImageObject","inLanguage":"es","@id":"https:\/\/taconeo.es\/es\/#\/schema\/logo\/image\/","url":"https:\/\/taconeo.es\/es\/wp-content\/uploads\/sites\/2\/2022\/08\/fondo_transparente_TACONEO_red_ventas-directas_zapatos_calzado_espanol_calidad_precio_ventas_online_tienda_exclusiva_descuentos_afiliacion_oportunidad_trabajo_laboral_mujer_mujeres_em-1.png","contentUrl":"https:\/\/taconeo.es\/es\/wp-content\/uploads\/sites\/2\/2022\/08\/fondo_transparente_TACONEO_red_ventas-directas_zapatos_calzado_espanol_calidad_precio_ventas_online_tienda_exclusiva_descuentos_afiliacion_oportunidad_trabajo_laboral_mujer_mujeres_em-1.png","width":1024,"height":800,"caption":"TACONEO SHOP"},"image":{"@id":"https:\/\/taconeo.es\/es\/#\/schema\/logo\/image\/"}}]}},"_links":{"self":[{"href":"https:\/\/taconeo.es\/es\/wp-json\/wp\/v2\/product\/11772"}],"collection":[{"href":"https:\/\/taconeo.es\/es\/wp-json\/wp\/v2\/product"}],"about":[{"href":"https:\/\/taconeo.es\/es\/wp-json\/wp\/v2\/types\/product"}],"version-history":[{"count":1,"href":"https:\/\/taconeo.es\/es\/wp-json\/wp\/v2\/product\/11772\/revisions"}],"predecessor-version":[{"id":11801,"href":"https:\/\/taconeo.es\/es\/wp-json\/wp\/v2\/product\/11772\/revisions\/11801"}],"wp:featuredmedia":[{"embeddable":true,"href":"https:\/\/taconeo.es\/es\/wp-json\/wp\/v2\/media\/11794"}],"wp:attachment":[{"href":"https:\/\/taconeo.es\/es\/wp-json\/wp\/v2\/media?parent=11772"}],"wp:term":[{"taxonomy":"product_cat","embeddable":true,"href":"https:\/\/taconeo.es\/es\/wp-json\/wp\/v2\/product_cat?post=11772"},{"taxonomy":"product_tag","embeddable":true,"href":"https:\/\/taconeo.es\/es\/wp-json\/wp\/v2\/product_tag?post=11772"}],"curies":[{"name":"wp","href":"https:\/\/api.w.org\/{rel}","templated":true}]}}