{"id":16995,"date":"2022-10-11T18:36:07","date_gmt":"2022-10-11T16:36:07","guid":{"rendered":"https:\/\/taconeo.es\/fr\/tienda\/?page_id=13510"},"modified":"2023-01-05T10:23:40","modified_gmt":"2023-01-05T09:23:40","slug":"a-propos-de-taconeo","status":"publish","type":"page","link":"https:\/\/taconeo.es\/fr\/a-propos-de-taconeo\/","title":{"rendered":"\u00c0 propos de TACONEO"},"content":{"rendered":"\t\t<div data-elementor-type=\"wp-page\" data-elementor-id=\"16995\" class=\"elementor elementor-16995\">\n\t\t\t\t\t\t\t\t\t<section class=\"elementor-section elementor-top-section elementor-element elementor-element-77225b5 elementor-section-boxed elementor-section-height-default elementor-section-height-default\" data-id=\"77225b5\" data-element_type=\"section\">\n\t\t\t\t\t\t<div class=\"elementor-container elementor-column-gap-default\">\n\t\t\t\t\t<div class=\"elementor-column elementor-col-100 elementor-top-column elementor-element elementor-element-3e0bc8d\" data-id=\"3e0bc8d\" data-element_type=\"column\">\n\t\t\t<div class=\"elementor-widget-wrap elementor-element-populated\">\n\t\t\t\t\t\t\t\t<div class=\"elementor-element elementor-element-9d77096 elementor-widget elementor-widget-heading\" data-id=\"9d77096\" data-element_type=\"widget\" data-widget_type=\"heading.default\">\n\t\t\t\t<div class=\"elementor-widget-container\">\n\t\t\t<style>\/*! elementor - v3.10.0 - 09-01-2023 *\/\n.elementor-heading-title{padding:0;margin:0;line-height:1}.elementor-widget-heading .elementor-heading-title[class*=elementor-size-]>a{color:inherit;font-size:inherit;line-height:inherit}.elementor-widget-heading .elementor-heading-title.elementor-size-small{font-size:15px}.elementor-widget-heading .elementor-heading-title.elementor-size-medium{font-size:19px}.elementor-widget-heading .elementor-heading-title.elementor-size-large{font-size:29px}.elementor-widget-heading .elementor-heading-title.elementor-size-xl{font-size:39px}.elementor-widget-heading .elementor-heading-title.elementor-size-xxl{font-size:59px}<\/style><h2 class=\"elementor-heading-title elementor-size-default\">Descubre TACONEO<br> \u00a1un sistema totalmente nuevo en Espa\u00f1a!<\/h2>\t\t<\/div>\n\t\t\t\t<\/div>\n\t\t\t\t\t<\/div>\n\t\t<\/div>\n\t\t\t\t\t\t\t<\/div>\n\t\t<\/section>\n\t\t\t\t<section class=\"elementor-section elementor-top-section elementor-element elementor-element-7b05f3d elementor-section-stretched elementor-section-boxed elementor-section-height-default elementor-section-height-default\" data-id=\"7b05f3d\" data-element_type=\"section\" data-settings=\"{&quot;stretch_section&quot;:&quot;section-stretched&quot;}\">\n\t\t\t\t\t\t<div class=\"elementor-container elementor-column-gap-default\">\n\t\t\t\t\t<div class=\"elementor-column elementor-col-50 elementor-top-column elementor-element elementor-element-b6eaf96\" data-id=\"b6eaf96\" data-element_type=\"column\" data-settings=\"{&quot;background_background&quot;:&quot;classic&quot;}\">\n\t\t\t<div class=\"elementor-widget-wrap elementor-element-populated\">\n\t\t\t\t\t\t\t\t<div class=\"elementor-element elementor-element-3e7a7de elementor-widget elementor-widget-spacer\" data-id=\"3e7a7de\" data-element_type=\"widget\" data-widget_type=\"spacer.default\">\n\t\t\t\t<div class=\"elementor-widget-container\">\n\t\t\t<style>\/*! elementor - v3.10.0 - 09-01-2023 *\/\n.elementor-column .elementor-spacer-inner{height:var(--spacer-size)}.e-con{--container-widget-width:100%}.e-con-inner>.elementor-widget-spacer,.e-con>.elementor-widget-spacer{width:var(--container-widget-width,var(--spacer-size));--align-self:var(--container-widget-align-self,initial);--flex-shrink:0}.e-con-inner>.elementor-widget-spacer>.elementor-widget-container,.e-con-inner>.elementor-widget-spacer>.elementor-widget-container>.elementor-spacer,.e-con>.elementor-widget-spacer>.elementor-widget-container,.e-con>.elementor-widget-spacer>.elementor-widget-container>.elementor-spacer{height:100%}.e-con-inner>.elementor-widget-spacer>.elementor-widget-container>.elementor-spacer>.elementor-spacer-inner,.e-con>.elementor-widget-spacer>.elementor-widget-container>.elementor-spacer>.elementor-spacer-inner{height:var(--container-widget-height,var(--spacer-size))}<\/style>\t\t<div class=\"elementor-spacer\">\n\t\t\t<div class=\"elementor-spacer-inner\"><\/div>\n\t\t<\/div>\n\t\t\t\t<\/div>\n\t\t\t\t<\/div>\n\t\t\t\t\t<\/div>\n\t\t<\/div>\n\t\t\t\t<div class=\"elementor-column elementor-col-50 elementor-top-column elementor-element elementor-element-c3fca89\" data-id=\"c3fca89\" data-element_type=\"column\">\n\t\t\t<div class=\"elementor-widget-wrap elementor-element-populated\">\n\t\t\t\t\t\t\t\t<div class=\"elementor-element elementor-element-d646a7f elementor-widget elementor-widget-heading\" data-id=\"d646a7f\" data-element_type=\"widget\" data-widget_type=\"heading.default\">\n\t\t\t\t<div class=\"elementor-widget-container\">\n\t\t\t<h2 class=\"elementor-heading-title elementor-size-default\">Equipo: experiencia con la pasi\u00f3n del primer d\u00eda<\/h2>\t\t<\/div>\n\t\t\t\t<\/div>\n\t\t\t\t<div class=\"elementor-element elementor-element-11a9e7d elementor-widget elementor-widget-text-editor\" data-id=\"11a9e7d\" data-element_type=\"widget\" data-widget_type=\"text-editor.default\">\n\t\t\t\t<div class=\"elementor-widget-container\">\n\t\t\t<style>\/*! elementor - v3.10.0 - 09-01-2023 *\/\n.elementor-widget-text-editor.elementor-drop-cap-view-stacked .elementor-drop-cap{background-color:#818a91;color:#fff}.elementor-widget-text-editor.elementor-drop-cap-view-framed .elementor-drop-cap{color:#818a91;border:3px solid;background-color:transparent}.elementor-widget-text-editor:not(.elementor-drop-cap-view-default) .elementor-drop-cap{margin-top:8px}.elementor-widget-text-editor:not(.elementor-drop-cap-view-default) .elementor-drop-cap-letter{width:1em;height:1em}.elementor-widget-text-editor .elementor-drop-cap{float:left;text-align:center;line-height:1;font-size:50px}.elementor-widget-text-editor .elementor-drop-cap-letter{display:inline-block}<\/style>\t\t\t\t<p>La direcci\u00f3n de Taconeo suma m\u00e1s de <strong>40 a\u00f1os de experiencia en el mundo del calzado<\/strong> y la <strong>direcci\u00f3n comercial<\/strong>, tanto nacional como internacional.<\/p><p>Sabemos de zapatos y sabemos c\u00f3mo venderlos.<\/p><p>Hay gente que siente pasi\u00f3n por algo. Hay <strong>gente que se apasiona por lo que hace<\/strong>. Nosotros somos de los segundos. Esto nos permite mantener un elevado nivel de <strong>exigencia y resultados<\/strong>, sin perder la sonrisa ni las <strong>ganas de trabajar<\/strong>.<\/p><p>Intentamos rodearnos de gente con esta mentalidad y esp\u00edritu. Estamos convencidos de que el \u00e9xito de una empresa se basa en el trabajo e ilusi\u00f3n de cada persona que lo conforma.<\/p>\t\t\t\t\t\t<\/div>\n\t\t\t\t<\/div>\n\t\t\t\t\t<\/div>\n\t\t<\/div>\n\t\t\t\t\t\t\t<\/div>\n\t\t<\/section>\n\t\t\t\t<section class=\"elementor-section elementor-top-section elementor-element elementor-element-caadee2 elementor-section-stretched elementor-reverse-mobile elementor-section-boxed elementor-section-height-default elementor-section-height-default\" data-id=\"caadee2\" data-element_type=\"section\" data-settings=\"{&quot;stretch_section&quot;:&quot;section-stretched&quot;}\">\n\t\t\t\t\t\t<div class=\"elementor-container elementor-column-gap-default\">\n\t\t\t\t\t<div class=\"elementor-column elementor-col-50 elementor-top-column elementor-element elementor-element-fd1beae\" data-id=\"fd1beae\" data-element_type=\"column\">\n\t\t\t<div class=\"elementor-widget-wrap elementor-element-populated\">\n\t\t\t\t\t\t\t\t<div class=\"elementor-element elementor-element-6cf522b elementor-widget elementor-widget-heading\" data-id=\"6cf522b\" data-element_type=\"widget\" data-widget_type=\"heading.default\">\n\t\t\t\t<div class=\"elementor-widget-container\">\n\t\t\t<h2 class=\"elementor-heading-title elementor-size-default\">Producto: dise\u00f1o, calidad y producci\u00f3n a escala humana<\/h2>\t\t<\/div>\n\t\t\t\t<\/div>\n\t\t\t\t<div class=\"elementor-element elementor-element-61a8fde elementor-widget elementor-widget-text-editor\" data-id=\"61a8fde\" data-element_type=\"widget\" data-widget_type=\"text-editor.default\">\n\t\t\t\t<div class=\"elementor-widget-container\">\n\t\t\t\t\t\t\t<p>Todos nuestros <strong>zapatos son 100% dise\u00f1ados y fabricados en Espa\u00f1a<\/strong>, con las <strong>mejores pieles<\/strong> nacionales.<\/p><p>Hay modelos para todos los gustos, desde <strong>cl\u00e1sicos<\/strong> atemporales a las<strong> ultim\u00edsimas tendencias<\/strong>, pero siempre garantizando la m\u00e1xima calidad.<\/p><p>Nuestros <strong>fabricantes son peque\u00f1as y medianas empresas<\/strong> \u201ccon un saber hacer de generaciones\u201d, favoreciendo as\u00ed el tejido econ\u00f3mico local y salvaguardando la <strong>larga tradici\u00f3n del calzado espa\u00f1ol<\/strong> (reconocida a nivel mundial). Lo que no est\u00e1 re\u00f1ido, justo todo lo contrario, con una <strong>producci\u00f3n sostenible, respetuosa con el medio ambiente<\/strong>, con <strong>materiales reciclados<\/strong> (cuando la pieza lo permita) y <strong>minimizando la huella de carbono<\/strong>.<\/p>\t\t\t\t\t\t<\/div>\n\t\t\t\t<\/div>\n\t\t\t\t\t<\/div>\n\t\t<\/div>\n\t\t\t\t<div class=\"elementor-column elementor-col-50 elementor-top-column elementor-element elementor-element-56383eb\" data-id=\"56383eb\" data-element_type=\"column\" data-settings=\"{&quot;background_background&quot;:&quot;classic&quot;}\">\n\t\t\t<div class=\"elementor-widget-wrap elementor-element-populated\">\n\t\t\t\t\t\t\t\t<div class=\"elementor-element elementor-element-ef75a7b elementor-widget elementor-widget-spacer\" data-id=\"ef75a7b\" data-element_type=\"widget\" data-widget_type=\"spacer.default\">\n\t\t\t\t<div class=\"elementor-widget-container\">\n\t\t\t\t\t<div class=\"elementor-spacer\">\n\t\t\t<div class=\"elementor-spacer-inner\"><\/div>\n\t\t<\/div>\n\t\t\t\t<\/div>\n\t\t\t\t<\/div>\n\t\t\t\t\t<\/div>\n\t\t<\/div>\n\t\t\t\t\t\t\t<\/div>\n\t\t<\/section>\n\t\t\t\t\t\t\t<\/div>\n\t\t","protected":false},"excerpt":{"rendered":"<p>Descubre TACONEO \u00a1un sistema totalmente nuevo en Espa\u00f1a! Equipo: experiencia con la pasi\u00f3n del primer d\u00eda La direcci\u00f3n de Taconeo suma m\u00e1s de 40 a\u00f1os de experiencia en el mundo&#8230;<\/p>\n","protected":false},"author":2,"featured_media":0,"parent":0,"menu_order":0,"comment_status":"closed","ping_status":"closed","template":"","meta":[],"yoast_head":"<!-- This site is optimized with the Yoast SEO plugin v20.1 - https:\/\/yoast.com\/wordpress\/plugins\/seo\/ -->\n<title>\u00c0 propos de TACONEO - Taconeo FR<\/title>\n<meta name=\"robots\" content=\"index, follow, max-snippet:-1, max-image-preview:large, max-video-preview:-1\" \/>\n<link rel=\"canonical\" href=\"https:\/\/taconeo.es\/fr\/a-propos-de-taconeo\/\" \/>\n<meta property=\"og:locale\" content=\"fr_FR\" \/>\n<meta property=\"og:type\" content=\"article\" \/>\n<meta property=\"og:title\" content=\"\u00c0 propos de TACONEO - Taconeo FR\" \/>\n<meta property=\"og:description\" content=\"Descubre TACONEO \u00a1un sistema totalmente nuevo en Espa\u00f1a! Equipo: experiencia con la pasi\u00f3n del primer d\u00eda La direcci\u00f3n de Taconeo suma m\u00e1s de 40 a\u00f1os de experiencia en el mundo...\" \/>\n<meta property=\"og:url\" content=\"https:\/\/taconeo.es\/fr\/a-propos-de-taconeo\/\" \/>\n<meta property=\"og:site_name\" content=\"Taconeo FR\" \/>\n<meta property=\"article:modified_time\" content=\"2023-01-05T09:23:40+00:00\" \/>\n<meta name=\"twitter:card\" content=\"summary_large_image\" \/>\n<meta name=\"twitter:label1\" content=\"Dur\u00e9e de lecture estim\u00e9e\" \/>\n\t<meta name=\"twitter:data1\" content=\"2 minutes\" \/>\n<script type=\"application\/ld+json\" class=\"yoast-schema-graph\">{\"@context\":\"https:\/\/schema.org\",\"@graph\":[{\"@type\":\"WebPage\",\"@id\":\"https:\/\/taconeo.es\/fr\/a-propos-de-taconeo\/\",\"url\":\"https:\/\/taconeo.es\/fr\/a-propos-de-taconeo\/\",\"name\":\"\u00c0 propos de TACONEO - Taconeo FR\",\"isPartOf\":{\"@id\":\"https:\/\/taconeo.es\/fr\/#website\"},\"datePublished\":\"2022-10-11T16:36:07+00:00\",\"dateModified\":\"2023-01-05T09:23:40+00:00\",\"breadcrumb\":{\"@id\":\"https:\/\/taconeo.es\/fr\/a-propos-de-taconeo\/#breadcrumb\"},\"inLanguage\":\"fr-FR\",\"potentialAction\":[{\"@type\":\"ReadAction\",\"target\":[\"https:\/\/taconeo.es\/fr\/a-propos-de-taconeo\/\"]}]},{\"@type\":\"BreadcrumbList\",\"@id\":\"https:\/\/taconeo.es\/fr\/a-propos-de-taconeo\/#breadcrumb\",\"itemListElement\":[{\"@type\":\"ListItem\",\"position\":1,\"name\":\"Portada\",\"item\":\"https:\/\/taconeo.es\/fr\/\"},{\"@type\":\"ListItem\",\"position\":2,\"name\":\"\u00c0 propos de TACONEO\"}]},{\"@type\":\"WebSite\",\"@id\":\"https:\/\/taconeo.es\/fr\/#website\",\"url\":\"https:\/\/taconeo.es\/fr\/\",\"name\":\"Taconeo FR\",\"description\":\"La chassure des copines\",\"publisher\":{\"@id\":\"https:\/\/taconeo.es\/fr\/#organization\"},\"potentialAction\":[{\"@type\":\"SearchAction\",\"target\":{\"@type\":\"EntryPoint\",\"urlTemplate\":\"https:\/\/taconeo.es\/fr\/?s={search_term_string}\"},\"query-input\":\"required name=search_term_string\"}],\"inLanguage\":\"fr-FR\"},{\"@type\":\"Organization\",\"@id\":\"https:\/\/taconeo.es\/fr\/#organization\",\"name\":\"Taconeo FR\",\"url\":\"https:\/\/taconeo.es\/fr\/\",\"logo\":{\"@type\":\"ImageObject\",\"inLanguage\":\"fr-FR\",\"@id\":\"https:\/\/taconeo.es\/fr\/#\/schema\/logo\/image\/\",\"url\":\"https:\/\/taconeo.es\/fr\/wp-content\/uploads\/sites\/4\/2022\/06\/fondo_transparente_TACONEO_red_ventas-directas_zapatos_calzado_espanol_calidad_precio_ventas_online_tienda_exclusiva_descuentos_afiliacion_oportunidad_trabajo_laboral_mujer_mujeres_empren-fr.png\",\"contentUrl\":\"https:\/\/taconeo.es\/fr\/wp-content\/uploads\/sites\/4\/2022\/06\/fondo_transparente_TACONEO_red_ventas-directas_zapatos_calzado_espanol_calidad_precio_ventas_online_tienda_exclusiva_descuentos_afiliacion_oportunidad_trabajo_laboral_mujer_mujeres_empren-fr.png\",\"width\":1024,\"height\":800,\"caption\":\"Taconeo FR\"},\"image\":{\"@id\":\"https:\/\/taconeo.es\/fr\/#\/schema\/logo\/image\/\"}}]}<\/script>\n<!-- \/ Yoast SEO plugin. -->","yoast_head_json":{"title":"\u00c0 propos de TACONEO - Taconeo FR","robots":{"index":"index","follow":"follow","max-snippet":"max-snippet:-1","max-image-preview":"max-image-preview:large","max-video-preview":"max-video-preview:-1"},"canonical":"https:\/\/taconeo.es\/fr\/a-propos-de-taconeo\/","og_locale":"fr_FR","og_type":"article","og_title":"\u00c0 propos de TACONEO - Taconeo FR","og_description":"Descubre TACONEO \u00a1un sistema totalmente nuevo en Espa\u00f1a! Equipo: experiencia con la pasi\u00f3n del primer d\u00eda La direcci\u00f3n de Taconeo suma m\u00e1s de 40 a\u00f1os de experiencia en el mundo...","og_url":"https:\/\/taconeo.es\/fr\/a-propos-de-taconeo\/","og_site_name":"Taconeo FR","article_modified_time":"2023-01-05T09:23:40+00:00","twitter_card":"summary_large_image","twitter_misc":{"Dur\u00e9e de lecture estim\u00e9e":"2 minutes"},"schema":{"@context":"https:\/\/schema.org","@graph":[{"@type":"WebPage","@id":"https:\/\/taconeo.es\/fr\/a-propos-de-taconeo\/","url":"https:\/\/taconeo.es\/fr\/a-propos-de-taconeo\/","name":"\u00c0 propos de TACONEO - Taconeo FR","isPartOf":{"@id":"https:\/\/taconeo.es\/fr\/#website"},"datePublished":"2022-10-11T16:36:07+00:00","dateModified":"2023-01-05T09:23:40+00:00","breadcrumb":{"@id":"https:\/\/taconeo.es\/fr\/a-propos-de-taconeo\/#breadcrumb"},"inLanguage":"fr-FR","potentialAction":[{"@type":"ReadAction","target":["https:\/\/taconeo.es\/fr\/a-propos-de-taconeo\/"]}]},{"@type":"BreadcrumbList","@id":"https:\/\/taconeo.es\/fr\/a-propos-de-taconeo\/#breadcrumb","itemListElement":[{"@type":"ListItem","position":1,"name":"Portada","item":"https:\/\/taconeo.es\/fr\/"},{"@type":"ListItem","position":2,"name":"\u00c0 propos de TACONEO"}]},{"@type":"WebSite","@id":"https:\/\/taconeo.es\/fr\/#website","url":"https:\/\/taconeo.es\/fr\/","name":"Taconeo FR","description":"La chassure des copines","publisher":{"@id":"https:\/\/taconeo.es\/fr\/#organization"},"potentialAction":[{"@type":"SearchAction","target":{"@type":"EntryPoint","urlTemplate":"https:\/\/taconeo.es\/fr\/?s={search_term_string}"},"query-input":"required name=search_term_string"}],"inLanguage":"fr-FR"},{"@type":"Organization","@id":"https:\/\/taconeo.es\/fr\/#organization","name":"Taconeo FR","url":"https:\/\/taconeo.es\/fr\/","logo":{"@type":"ImageObject","inLanguage":"fr-FR","@id":"https:\/\/taconeo.es\/fr\/#\/schema\/logo\/image\/","url":"https:\/\/taconeo.es\/fr\/wp-content\/uploads\/sites\/4\/2022\/06\/fondo_transparente_TACONEO_red_ventas-directas_zapatos_calzado_espanol_calidad_precio_ventas_online_tienda_exclusiva_descuentos_afiliacion_oportunidad_trabajo_laboral_mujer_mujeres_empren-fr.png","contentUrl":"https:\/\/taconeo.es\/fr\/wp-content\/uploads\/sites\/4\/2022\/06\/fondo_transparente_TACONEO_red_ventas-directas_zapatos_calzado_espanol_calidad_precio_ventas_online_tienda_exclusiva_descuentos_afiliacion_oportunidad_trabajo_laboral_mujer_mujeres_empren-fr.png","width":1024,"height":800,"caption":"Taconeo FR"},"image":{"@id":"https:\/\/taconeo.es\/fr\/#\/schema\/logo\/image\/"}}]}},"_links":{"self":[{"href":"https:\/\/taconeo.es\/fr\/wp-json\/wp\/v2\/pages\/16995"}],"collection":[{"href":"https:\/\/taconeo.es\/fr\/wp-json\/wp\/v2\/pages"}],"about":[{"href":"https:\/\/taconeo.es\/fr\/wp-json\/wp\/v2\/types\/page"}],"author":[{"embeddable":true,"href":"https:\/\/taconeo.es\/fr\/wp-json\/wp\/v2\/users\/2"}],"replies":[{"embeddable":true,"href":"https:\/\/taconeo.es\/fr\/wp-json\/wp\/v2\/comments?post=16995"}],"version-history":[{"count":1,"href":"https:\/\/taconeo.es\/fr\/wp-json\/wp\/v2\/pages\/16995\/revisions"}],"predecessor-version":[{"id":18007,"href":"https:\/\/taconeo.es\/fr\/wp-json\/wp\/v2\/pages\/16995\/revisions\/18007"}],"wp:attachment":[{"href":"https:\/\/taconeo.es\/fr\/wp-json\/wp\/v2\/media?parent=16995"}],"curies":[{"name":"wp","href":"https:\/\/api.w.org\/{rel}","templated":true}]}}