{"id":17234,"date":"2022-11-15T11:15:30","date_gmt":"2022-11-15T10:15:30","guid":{"rendered":"https:\/\/taconeo.es\/fr\/?page_id=17234"},"modified":"2023-01-05T10:31:42","modified_gmt":"2023-01-05T09:31:42","slug":"mentions-legales","status":"publish","type":"page","link":"https:\/\/taconeo.es\/fr\/mentions-legales\/","title":{"rendered":"Mentions l\u00e9gales"},"content":{"rendered":"\t\t<div data-elementor-type=\"wp-page\" data-elementor-id=\"17234\" class=\"elementor elementor-17234\">\n\t\t\t\t\t\t\t\t\t<section class=\"elementor-section elementor-top-section elementor-element elementor-element-5afac323 elementor-section-boxed elementor-section-height-default elementor-section-height-default\" data-id=\"5afac323\" data-element_type=\"section\">\n\t\t\t\t\t\t<div class=\"elementor-container elementor-column-gap-default\">\n\t\t\t\t\t<div class=\"elementor-column elementor-col-100 elementor-top-column elementor-element elementor-element-1c6d9e1d\" data-id=\"1c6d9e1d\" data-element_type=\"column\">\n\t\t\t<div class=\"elementor-widget-wrap elementor-element-populated\">\n\t\t\t\t\t\t\t\t<div class=\"elementor-element elementor-element-66dc5a8b elementor-widget elementor-widget-text-editor\" data-id=\"66dc5a8b\" data-element_type=\"widget\" data-widget_type=\"text-editor.default\">\n\t\t\t\t<div class=\"elementor-widget-container\">\n\t\t\t<style>\/*! elementor - v3.10.0 - 09-01-2023 *\/\n.elementor-widget-text-editor.elementor-drop-cap-view-stacked .elementor-drop-cap{background-color:#818a91;color:#fff}.elementor-widget-text-editor.elementor-drop-cap-view-framed .elementor-drop-cap{color:#818a91;border:3px solid;background-color:transparent}.elementor-widget-text-editor:not(.elementor-drop-cap-view-default) .elementor-drop-cap{margin-top:8px}.elementor-widget-text-editor:not(.elementor-drop-cap-view-default) .elementor-drop-cap-letter{width:1em;height:1em}.elementor-widget-text-editor .elementor-drop-cap{float:left;text-align:center;line-height:1;font-size:50px}.elementor-widget-text-editor .elementor-drop-cap-letter{display:inline-block}<\/style>\t\t\t\t\t\t\t\t\t\t<\/div>\n\t\t\t\t<\/div>\n\t\t\t\t<div class=\"elementor-element elementor-element-4b02f59 elementor-widget elementor-widget-text-editor\" data-id=\"4b02f59\" data-element_type=\"widget\" data-widget_type=\"text-editor.default\">\n\t\t\t\t<div class=\"elementor-widget-container\">\n\t\t\t\t\t\t\t<h1>Avisos legales de uso del sitio<\/h1><h2>Notas preliminares<\/h2><p>Al continuar navegando por esta p\u00e1gina web, usted acepta sin reservas las siguientes condiciones de uso.<\/p><p>Esta versi\u00f3n 1.0 de las condiciones de uso en l\u00ednea es la \u00fanica oponible durante la duraci\u00f3n del uso del sitio y hasta que una nueva versi\u00f3n la reemplace.<\/p><h2>Menciones Legales<\/h2><p>El sitio web, <a href=\"http:\/\/www.taconeo.es\/fr\">www.taconeo.es\/fr<\/a>, es propiedad I-O.P.G 47023901-X, con domicilio en C\/Madrid 61, 28901, Getafe, Madrid (en adelante la propiedad).\u00a0<\/p><p>El hosting del sitio web est\u00e1 situado en la empresa RAIOLA NETWORKS, con sede en Lugo, Provincia de Espa\u00f1a.<\/p><p>El webmaster de www.taconeo.es\/fr es el Sr. Omar P\u00e9rez- <a href=\"mailto:operez@taconeo.es\/fr\">operez@taconeo.es\/fr<\/a>.<\/p><p>Si se tiene preguntas\/dificultades mientras navega por este sitio, cont\u00e1ctenos en: <a href=\"mailto:cuentaconsotros@taconeo.es\/fr\">cuentaconsotros@taconeo.es\/fr<\/a><\/p><h2>Contenido del sitio: Propiedad intelectual<\/h2><p>Todos los elementos de nuestro sitio web est\u00e1n protegidos por derechos de autor y marcas registradas. Son propiedad exclusiva de I-O.P.G 47023901-X, o de algunos de sus socios o proveedores. Su copia, reproducci\u00f3n, descarga total o parcial sin la autorizaci\u00f3n expresa y autorizada de la propiedad est\u00e1 prohibida. Por defecto, estos actos constituyen infracciones<br \/>sancionables.<\/p><p>El hecho de que el editor no inicie un procedimiento al tener conocimiento de estos usos no autorizados no constituye la aceptaci\u00f3n de dichos usos y la renuncia a ser procesado.<\/p><h2>Contenido del sitio: Informaci\u00f3n<\/h2><p>El equipo de TACONEO, pone todos sus medios para garantizar la exactitud y precisi\u00f3n de la informaci\u00f3n incluida en el sitio <a href=\"http:\/\/www.taconeo.es\/fr\">www.taconeo.es\/fr<\/a> adem\u00e1s de asegurar que la informaci\u00f3n est\u00e1 actualizada. Sin embargo, no puede asegurar al 100% de que no haya errores en su sitio web. La empresa se reserva el derecho de corregir o modificar, en cualquier momento y sin previo aviso, el contenido del sitio.<\/p><p>La empresa declina toda responsabilidad en relaci\u00f3n con la informaci\u00f3n disponible en el sitio y el uso que pueda hacerse de la informaci\u00f3n contenida en el sitio u obtenida en respuesta a una pregunta que usted mismo pueda hacerse en el sitio. En ning\u00fan caso, la empresa puede hacerse responsable de los da\u00f1os de ning\u00fan tipo, directos o indirectos, que resulten del uso del sitio o en relaci\u00f3n con el sitio.<\/p><h2>Protecci\u00f3n contra VIRUS INFORM\u00c1TICOS<\/h2><p>El equipo de TACONEO, no puede y no garantiza que el servidor que aloja su sitio web www.taconeo.es\/fr est\u00e9 libre de virus y\/o que los documentos\/im\u00e1genes\/archivos accesibles para descargar en este sitio web o en cualquier otro sitio de terceros est\u00e9n libres de virus o errores. Depende de los usuarios tomar las medidas necesarias para<br \/>proteger sus sistemas; ordenadores, servidores, smartphones\u2026 contra cualquier<br \/>intrusi\u00f3n y cualquier problema t\u00e9cnico que pudiera da\u00f1ar los componentes del<br \/>ordenador del usuario o los datos que pudieran estar almacenados en el mismo.<\/p><p>En cualquier caso, ni el equipo de TACONEO, ni la propiedad, o sus subcontratistas no se hacen responsables de los da\u00f1os que puedan producirse al conectarse y navegar por este sitio. El equipo de TACONEO, pone todos sus medios para informar a estos clientes donde se han vinculado casos de intrusiones en sus sistemas, base de datos.<\/p><h2>Transferencia de informaci\u00f3n\/datos<\/h2><p>La transferencia de informaci\u00f3n a un sitio de terceros, o la modificaci\u00f3n de la informaci\u00f3n contenida en este sitio est\u00e1n estrictamente prohibidas. La propiedad se reserva el derecho de acciones civiles o penales, en caso de que se produzcan infracciones en este sentido. Nuestro sitio web puede ofrecerle enlaces de hipertexto a otros sitios. No estamos obligados por ning\u00fan compromiso con respecto a cualquier otro sitio al que pueda tener acceso y, por lo tanto, no podemos responsabilizarnos por el contenido, el funcionamiento y el acceso a estos sitios.<\/p><p>Si publica un sitio web a t\u00edtulo personal y desea colocar un enlace de hipertexto simple en su sitio que lleve directamente a la p\u00e1gina de inicio de nuestro sitio web, debe solicitar la autorizaci\u00f3n previa por escrito del webmaster de TACONEO- <a href=\"mailto:operez@taconeo.es\/fr\">operez@taconeo.es\/fr<\/a>.<\/p><p>Quedan sin embargo prohibidos cualquier enlace de hipertexto profundo a una p\u00e1gina secundaria vinculada a nuestro sitio web.<\/p><p>En todo caso, cualquier enlace de hipertexto deber\u00e1 ser eliminado previa simple solicitud de los equipos gestores de<a href=\"http:\/\/www.taconeo.es\/fr\"> www.taconeo.es\/fr<\/a>. Se reserva pues el derecho de reconsiderar la autorizaci\u00f3n previa otorgada.<\/p><p>Nuestro sitio puede contener complementos de redes sociales; incluyendo Instagram, Facebook u otras redes sociales. Si interact\u00faa con estos complementos, su actividad en www.taconeo.es\/fr tambi\u00e9n estar\u00e1 disponible para estas plataformas sociales. Es importante recalcar que no controlamos estas plataformas y no somos responsables del tratamiento de Datos Personales que all\u00ed se lleve a cabo, ni de sus respectivas pol\u00edticas de privacidad. Le recomendamos que lea las pol\u00edticas de privacidad de estas plataformas sociales antes de interactuar con sus complementos en nuestros sitios web.<\/p><p>El espacio dedicado a los equipos comerciales\/futuros comerciales de TACONEO se rige por condiciones particulares que son objeto de un documento definido contractualmente entre TACONEO y sus empleados.<\/p><p>Con el fin de garantizar el correcto funcionamiento del sitio, TACONEO se reserva el derecho a realizar las modificaciones\/acciones necesarias al efecto en cualquier momento, entre otras; suspender el sitio para asegurar actualizaciones, limitar el acceso a todo o parte del sitio, reservar el acceso al sitio, o a ciertas partes del sitio, a una categor\u00eda espec\u00edfica de usuarios de Internet, eliminar cualquier informaci\u00f3n que pueda perturbar el funcionamiento o en contravenci\u00f3n de las leyes nacionales o internacionales.\u00a0<\/p>\t\t\t\t\t\t<\/div>\n\t\t\t\t<\/div>\n\t\t\t\t\t<\/div>\n\t\t<\/div>\n\t\t\t\t\t\t\t<\/div>\n\t\t<\/section>\n\t\t\t\t\t\t\t<\/div>\n\t\t","protected":false},"excerpt":{"rendered":"<p>Avisos legales de uso del sitio Notas preliminares Al continuar navegando por esta p\u00e1gina web, usted acepta sin reservas las siguientes condiciones de uso. Esta versi\u00f3n 1.0 de las condiciones&#8230;<\/p>\n","protected":false},"author":2,"featured_media":0,"parent":0,"menu_order":0,"comment_status":"closed","ping_status":"closed","template":"","meta":[],"yoast_head":"<!-- This site is optimized with the Yoast SEO plugin v20.1 - https:\/\/yoast.com\/wordpress\/plugins\/seo\/ -->\n<title>Mentions l\u00e9gales - Taconeo FR<\/title>\n<meta name=\"robots\" content=\"index, follow, max-snippet:-1, max-image-preview:large, max-video-preview:-1\" \/>\n<link rel=\"canonical\" href=\"https:\/\/taconeo.es\/fr\/mentions-legales\/\" \/>\n<meta property=\"og:locale\" content=\"fr_FR\" \/>\n<meta property=\"og:type\" content=\"article\" \/>\n<meta property=\"og:title\" content=\"Mentions l\u00e9gales - Taconeo FR\" \/>\n<meta property=\"og:description\" content=\"Avisos legales de uso del sitio Notas preliminares Al continuar navegando por esta p\u00e1gina web, usted acepta sin reservas las siguientes condiciones de uso. Esta versi\u00f3n 1.0 de las condiciones...\" \/>\n<meta property=\"og:url\" content=\"https:\/\/taconeo.es\/fr\/mentions-legales\/\" \/>\n<meta property=\"og:site_name\" content=\"Taconeo FR\" \/>\n<meta property=\"article:modified_time\" content=\"2023-01-05T09:31:42+00:00\" \/>\n<meta name=\"twitter:card\" content=\"summary_large_image\" \/>\n<meta name=\"twitter:label1\" content=\"Dur\u00e9e de lecture estim\u00e9e\" \/>\n\t<meta name=\"twitter:data1\" content=\"4 minutes\" \/>\n<script type=\"application\/ld+json\" class=\"yoast-schema-graph\">{\"@context\":\"https:\/\/schema.org\",\"@graph\":[{\"@type\":\"WebPage\",\"@id\":\"https:\/\/taconeo.es\/fr\/mentions-legales\/\",\"url\":\"https:\/\/taconeo.es\/fr\/mentions-legales\/\",\"name\":\"Mentions l\u00e9gales - Taconeo FR\",\"isPartOf\":{\"@id\":\"https:\/\/taconeo.es\/fr\/#website\"},\"datePublished\":\"2022-11-15T10:15:30+00:00\",\"dateModified\":\"2023-01-05T09:31:42+00:00\",\"breadcrumb\":{\"@id\":\"https:\/\/taconeo.es\/fr\/mentions-legales\/#breadcrumb\"},\"inLanguage\":\"fr-FR\",\"potentialAction\":[{\"@type\":\"ReadAction\",\"target\":[\"https:\/\/taconeo.es\/fr\/mentions-legales\/\"]}]},{\"@type\":\"BreadcrumbList\",\"@id\":\"https:\/\/taconeo.es\/fr\/mentions-legales\/#breadcrumb\",\"itemListElement\":[{\"@type\":\"ListItem\",\"position\":1,\"name\":\"Portada\",\"item\":\"https:\/\/taconeo.es\/fr\/\"},{\"@type\":\"ListItem\",\"position\":2,\"name\":\"Mentions l\u00e9gales\"}]},{\"@type\":\"WebSite\",\"@id\":\"https:\/\/taconeo.es\/fr\/#website\",\"url\":\"https:\/\/taconeo.es\/fr\/\",\"name\":\"Taconeo FR\",\"description\":\"La chassure des copines\",\"publisher\":{\"@id\":\"https:\/\/taconeo.es\/fr\/#organization\"},\"potentialAction\":[{\"@type\":\"SearchAction\",\"target\":{\"@type\":\"EntryPoint\",\"urlTemplate\":\"https:\/\/taconeo.es\/fr\/?s={search_term_string}\"},\"query-input\":\"required name=search_term_string\"}],\"inLanguage\":\"fr-FR\"},{\"@type\":\"Organization\",\"@id\":\"https:\/\/taconeo.es\/fr\/#organization\",\"name\":\"Taconeo FR\",\"url\":\"https:\/\/taconeo.es\/fr\/\",\"logo\":{\"@type\":\"ImageObject\",\"inLanguage\":\"fr-FR\",\"@id\":\"https:\/\/taconeo.es\/fr\/#\/schema\/logo\/image\/\",\"url\":\"https:\/\/taconeo.es\/fr\/wp-content\/uploads\/sites\/4\/2022\/06\/fondo_transparente_TACONEO_red_ventas-directas_zapatos_calzado_espanol_calidad_precio_ventas_online_tienda_exclusiva_descuentos_afiliacion_oportunidad_trabajo_laboral_mujer_mujeres_empren-fr.png\",\"contentUrl\":\"https:\/\/taconeo.es\/fr\/wp-content\/uploads\/sites\/4\/2022\/06\/fondo_transparente_TACONEO_red_ventas-directas_zapatos_calzado_espanol_calidad_precio_ventas_online_tienda_exclusiva_descuentos_afiliacion_oportunidad_trabajo_laboral_mujer_mujeres_empren-fr.png\",\"width\":1024,\"height\":800,\"caption\":\"Taconeo FR\"},\"image\":{\"@id\":\"https:\/\/taconeo.es\/fr\/#\/schema\/logo\/image\/\"}}]}<\/script>\n<!-- \/ Yoast SEO plugin. -->","yoast_head_json":{"title":"Mentions l\u00e9gales - Taconeo FR","robots":{"index":"index","follow":"follow","max-snippet":"max-snippet:-1","max-image-preview":"max-image-preview:large","max-video-preview":"max-video-preview:-1"},"canonical":"https:\/\/taconeo.es\/fr\/mentions-legales\/","og_locale":"fr_FR","og_type":"article","og_title":"Mentions l\u00e9gales - Taconeo FR","og_description":"Avisos legales de uso del sitio Notas preliminares Al continuar navegando por esta p\u00e1gina web, usted acepta sin reservas las siguientes condiciones de uso. Esta versi\u00f3n 1.0 de las condiciones...","og_url":"https:\/\/taconeo.es\/fr\/mentions-legales\/","og_site_name":"Taconeo FR","article_modified_time":"2023-01-05T09:31:42+00:00","twitter_card":"summary_large_image","twitter_misc":{"Dur\u00e9e de lecture estim\u00e9e":"4 minutes"},"schema":{"@context":"https:\/\/schema.org","@graph":[{"@type":"WebPage","@id":"https:\/\/taconeo.es\/fr\/mentions-legales\/","url":"https:\/\/taconeo.es\/fr\/mentions-legales\/","name":"Mentions l\u00e9gales - Taconeo FR","isPartOf":{"@id":"https:\/\/taconeo.es\/fr\/#website"},"datePublished":"2022-11-15T10:15:30+00:00","dateModified":"2023-01-05T09:31:42+00:00","breadcrumb":{"@id":"https:\/\/taconeo.es\/fr\/mentions-legales\/#breadcrumb"},"inLanguage":"fr-FR","potentialAction":[{"@type":"ReadAction","target":["https:\/\/taconeo.es\/fr\/mentions-legales\/"]}]},{"@type":"BreadcrumbList","@id":"https:\/\/taconeo.es\/fr\/mentions-legales\/#breadcrumb","itemListElement":[{"@type":"ListItem","position":1,"name":"Portada","item":"https:\/\/taconeo.es\/fr\/"},{"@type":"ListItem","position":2,"name":"Mentions l\u00e9gales"}]},{"@type":"WebSite","@id":"https:\/\/taconeo.es\/fr\/#website","url":"https:\/\/taconeo.es\/fr\/","name":"Taconeo FR","description":"La chassure des copines","publisher":{"@id":"https:\/\/taconeo.es\/fr\/#organization"},"potentialAction":[{"@type":"SearchAction","target":{"@type":"EntryPoint","urlTemplate":"https:\/\/taconeo.es\/fr\/?s={search_term_string}"},"query-input":"required name=search_term_string"}],"inLanguage":"fr-FR"},{"@type":"Organization","@id":"https:\/\/taconeo.es\/fr\/#organization","name":"Taconeo FR","url":"https:\/\/taconeo.es\/fr\/","logo":{"@type":"ImageObject","inLanguage":"fr-FR","@id":"https:\/\/taconeo.es\/fr\/#\/schema\/logo\/image\/","url":"https:\/\/taconeo.es\/fr\/wp-content\/uploads\/sites\/4\/2022\/06\/fondo_transparente_TACONEO_red_ventas-directas_zapatos_calzado_espanol_calidad_precio_ventas_online_tienda_exclusiva_descuentos_afiliacion_oportunidad_trabajo_laboral_mujer_mujeres_empren-fr.png","contentUrl":"https:\/\/taconeo.es\/fr\/wp-content\/uploads\/sites\/4\/2022\/06\/fondo_transparente_TACONEO_red_ventas-directas_zapatos_calzado_espanol_calidad_precio_ventas_online_tienda_exclusiva_descuentos_afiliacion_oportunidad_trabajo_laboral_mujer_mujeres_empren-fr.png","width":1024,"height":800,"caption":"Taconeo FR"},"image":{"@id":"https:\/\/taconeo.es\/fr\/#\/schema\/logo\/image\/"}}]}},"_links":{"self":[{"href":"https:\/\/taconeo.es\/fr\/wp-json\/wp\/v2\/pages\/17234"}],"collection":[{"href":"https:\/\/taconeo.es\/fr\/wp-json\/wp\/v2\/pages"}],"about":[{"href":"https:\/\/taconeo.es\/fr\/wp-json\/wp\/v2\/types\/page"}],"author":[{"embeddable":true,"href":"https:\/\/taconeo.es\/fr\/wp-json\/wp\/v2\/users\/2"}],"replies":[{"embeddable":true,"href":"https:\/\/taconeo.es\/fr\/wp-json\/wp\/v2\/comments?post=17234"}],"version-history":[{"count":41,"href":"https:\/\/taconeo.es\/fr\/wp-json\/wp\/v2\/pages\/17234\/revisions"}],"predecessor-version":[{"id":18011,"href":"https:\/\/taconeo.es\/fr\/wp-json\/wp\/v2\/pages\/17234\/revisions\/18011"}],"wp:attachment":[{"href":"https:\/\/taconeo.es\/fr\/wp-json\/wp\/v2\/media?parent=17234"}],"curies":[{"name":"wp","href":"https:\/\/api.w.org\/{rel}","templated":true}]}}