{"id":16135,"date":"2022-09-29T10:44:22","date_gmt":"2022-09-29T08:44:22","guid":{"rendered":"https:\/\/taconeo.es\/fr\/tienda\/?post_type=product&#038;p=11380"},"modified":"2022-12-14T10:56:11","modified_gmt":"2022-12-14T09:56:11","slug":"botin-sofia-2","status":"publish","type":"product","link":"https:\/\/taconeo.es\/fr\/producto\/botin-sofia-2\/","title":{"rendered":"Bot\u00edn Sof\u00eda"},"content":{"rendered":"<p>Colores: CUERO \u00b7 NEGRO \u00b7 HIELO 35, 36, 37, 38, 39, 40, 41<\/p>\n<p>&#8211; Altura del tac\u00f3n \/ cu\u00f1a (cm): 4,5 &#8211; Material exterior-Corte: Piel<\/p>\n<p>&#8211; Plantilla: texti extraible &#8211; Forro: Textil &#8211; Piso, suela: Goma<\/p>\n","protected":false},"excerpt":{"rendered":"<p>Bot\u00edn cremallera<\/p>\n","protected":false},"featured_media":12403,"template":"","meta":[],"product_cat":[340,406,343],"product_tag":[],"yoast_head":"<!-- This site is optimized with the Yoast SEO plugin v20.1 - https:\/\/yoast.com\/wordpress\/plugins\/seo\/ -->\n<title>Bot\u00edn Sof\u00eda - Taconeo FR<\/title>\n<meta name=\"robots\" content=\"index, follow, max-snippet:-1, max-image-preview:large, max-video-preview:-1\" \/>\n<link rel=\"canonical\" href=\"https:\/\/taconeo.es\/fr\/producto\/botin-sofia-2\/\" \/>\n<meta property=\"og:locale\" content=\"fr_FR\" \/>\n<meta property=\"og:type\" content=\"article\" \/>\n<meta property=\"og:title\" content=\"Bot\u00edn Sof\u00eda - Taconeo FR\" \/>\n<meta property=\"og:description\" content=\"Bot\u00edn cremallera\" \/>\n<meta property=\"og:url\" content=\"https:\/\/taconeo.es\/fr\/producto\/botin-sofia-2\/\" \/>\n<meta property=\"og:site_name\" content=\"Taconeo FR\" \/>\n<meta property=\"article:modified_time\" content=\"2022-12-14T09:56:11+00:00\" \/>\n<meta property=\"og:image\" content=\"https:\/\/taconeo.es\/fr\/wp-content\/uploads\/sites\/4\/2022\/10\/mmod_11630_14510-1710901032-1.jpg\" \/>\n\t<meta property=\"og:image:width\" content=\"800\" \/>\n\t<meta property=\"og:image:height\" content=\"800\" \/>\n\t<meta property=\"og:image:type\" content=\"image\/jpeg\" \/>\n<meta name=\"twitter:card\" content=\"summary_large_image\" \/>\n<meta name=\"twitter:label1\" content=\"Dur\u00e9e de lecture estim\u00e9e\" \/>\n\t<meta name=\"twitter:data1\" content=\"1 minute\" \/>\n<script type=\"application\/ld+json\" class=\"yoast-schema-graph\">{\"@context\":\"https:\/\/schema.org\",\"@graph\":[{\"@type\":\"WebPage\",\"@id\":\"https:\/\/taconeo.es\/fr\/producto\/botin-sofia-2\/\",\"url\":\"https:\/\/taconeo.es\/fr\/producto\/botin-sofia-2\/\",\"name\":\"Bot\u00edn Sof\u00eda - Taconeo FR\",\"isPartOf\":{\"@id\":\"https:\/\/taconeo.es\/fr\/#website\"},\"datePublished\":\"2022-09-29T08:44:22+00:00\",\"dateModified\":\"2022-12-14T09:56:11+00:00\",\"breadcrumb\":{\"@id\":\"https:\/\/taconeo.es\/fr\/producto\/botin-sofia-2\/#breadcrumb\"},\"inLanguage\":\"fr-FR\",\"potentialAction\":[{\"@type\":\"ReadAction\",\"target\":[\"https:\/\/taconeo.es\/fr\/producto\/botin-sofia-2\/\"]}]},{\"@type\":\"BreadcrumbList\",\"@id\":\"https:\/\/taconeo.es\/fr\/producto\/botin-sofia-2\/#breadcrumb\",\"itemListElement\":[{\"@type\":\"ListItem\",\"position\":1,\"name\":\"Portada\",\"item\":\"https:\/\/taconeo.es\/fr\/\"},{\"@type\":\"ListItem\",\"position\":2,\"name\":\"Boutique\",\"item\":\"https:\/\/taconeo.es\/fr\/boutique\/\"},{\"@type\":\"ListItem\",\"position\":3,\"name\":\"Bot\u00edn Sof\u00eda\"}]},{\"@type\":\"WebSite\",\"@id\":\"https:\/\/taconeo.es\/fr\/#website\",\"url\":\"https:\/\/taconeo.es\/fr\/\",\"name\":\"Taconeo FR\",\"description\":\"La chassure des copines\",\"publisher\":{\"@id\":\"https:\/\/taconeo.es\/fr\/#organization\"},\"potentialAction\":[{\"@type\":\"SearchAction\",\"target\":{\"@type\":\"EntryPoint\",\"urlTemplate\":\"https:\/\/taconeo.es\/fr\/?s={search_term_string}\"},\"query-input\":\"required name=search_term_string\"}],\"inLanguage\":\"fr-FR\"},{\"@type\":\"Organization\",\"@id\":\"https:\/\/taconeo.es\/fr\/#organization\",\"name\":\"Taconeo FR\",\"url\":\"https:\/\/taconeo.es\/fr\/\",\"logo\":{\"@type\":\"ImageObject\",\"inLanguage\":\"fr-FR\",\"@id\":\"https:\/\/taconeo.es\/fr\/#\/schema\/logo\/image\/\",\"url\":\"https:\/\/taconeo.es\/fr\/wp-content\/uploads\/sites\/4\/2022\/06\/fondo_transparente_TACONEO_red_ventas-directas_zapatos_calzado_espanol_calidad_precio_ventas_online_tienda_exclusiva_descuentos_afiliacion_oportunidad_trabajo_laboral_mujer_mujeres_empren-fr.png\",\"contentUrl\":\"https:\/\/taconeo.es\/fr\/wp-content\/uploads\/sites\/4\/2022\/06\/fondo_transparente_TACONEO_red_ventas-directas_zapatos_calzado_espanol_calidad_precio_ventas_online_tienda_exclusiva_descuentos_afiliacion_oportunidad_trabajo_laboral_mujer_mujeres_empren-fr.png\",\"width\":1024,\"height\":800,\"caption\":\"Taconeo FR\"},\"image\":{\"@id\":\"https:\/\/taconeo.es\/fr\/#\/schema\/logo\/image\/\"}}]}<\/script>\n<!-- \/ Yoast SEO plugin. -->","yoast_head_json":{"title":"Bot\u00edn Sof\u00eda - Taconeo FR","robots":{"index":"index","follow":"follow","max-snippet":"max-snippet:-1","max-image-preview":"max-image-preview:large","max-video-preview":"max-video-preview:-1"},"canonical":"https:\/\/taconeo.es\/fr\/producto\/botin-sofia-2\/","og_locale":"fr_FR","og_type":"article","og_title":"Bot\u00edn Sof\u00eda - Taconeo FR","og_description":"Bot\u00edn cremallera","og_url":"https:\/\/taconeo.es\/fr\/producto\/botin-sofia-2\/","og_site_name":"Taconeo FR","article_modified_time":"2022-12-14T09:56:11+00:00","og_image":[{"width":800,"height":800,"url":"https:\/\/taconeo.es\/fr\/wp-content\/uploads\/sites\/4\/2022\/10\/mmod_11630_14510-1710901032-1.jpg","type":"image\/jpeg"}],"twitter_card":"summary_large_image","twitter_misc":{"Dur\u00e9e de lecture estim\u00e9e":"1 minute"},"schema":{"@context":"https:\/\/schema.org","@graph":[{"@type":"WebPage","@id":"https:\/\/taconeo.es\/fr\/producto\/botin-sofia-2\/","url":"https:\/\/taconeo.es\/fr\/producto\/botin-sofia-2\/","name":"Bot\u00edn Sof\u00eda - Taconeo FR","isPartOf":{"@id":"https:\/\/taconeo.es\/fr\/#website"},"datePublished":"2022-09-29T08:44:22+00:00","dateModified":"2022-12-14T09:56:11+00:00","breadcrumb":{"@id":"https:\/\/taconeo.es\/fr\/producto\/botin-sofia-2\/#breadcrumb"},"inLanguage":"fr-FR","potentialAction":[{"@type":"ReadAction","target":["https:\/\/taconeo.es\/fr\/producto\/botin-sofia-2\/"]}]},{"@type":"BreadcrumbList","@id":"https:\/\/taconeo.es\/fr\/producto\/botin-sofia-2\/#breadcrumb","itemListElement":[{"@type":"ListItem","position":1,"name":"Portada","item":"https:\/\/taconeo.es\/fr\/"},{"@type":"ListItem","position":2,"name":"Boutique","item":"https:\/\/taconeo.es\/fr\/boutique\/"},{"@type":"ListItem","position":3,"name":"Bot\u00edn Sof\u00eda"}]},{"@type":"WebSite","@id":"https:\/\/taconeo.es\/fr\/#website","url":"https:\/\/taconeo.es\/fr\/","name":"Taconeo FR","description":"La chassure des copines","publisher":{"@id":"https:\/\/taconeo.es\/fr\/#organization"},"potentialAction":[{"@type":"SearchAction","target":{"@type":"EntryPoint","urlTemplate":"https:\/\/taconeo.es\/fr\/?s={search_term_string}"},"query-input":"required name=search_term_string"}],"inLanguage":"fr-FR"},{"@type":"Organization","@id":"https:\/\/taconeo.es\/fr\/#organization","name":"Taconeo FR","url":"https:\/\/taconeo.es\/fr\/","logo":{"@type":"ImageObject","inLanguage":"fr-FR","@id":"https:\/\/taconeo.es\/fr\/#\/schema\/logo\/image\/","url":"https:\/\/taconeo.es\/fr\/wp-content\/uploads\/sites\/4\/2022\/06\/fondo_transparente_TACONEO_red_ventas-directas_zapatos_calzado_espanol_calidad_precio_ventas_online_tienda_exclusiva_descuentos_afiliacion_oportunidad_trabajo_laboral_mujer_mujeres_empren-fr.png","contentUrl":"https:\/\/taconeo.es\/fr\/wp-content\/uploads\/sites\/4\/2022\/06\/fondo_transparente_TACONEO_red_ventas-directas_zapatos_calzado_espanol_calidad_precio_ventas_online_tienda_exclusiva_descuentos_afiliacion_oportunidad_trabajo_laboral_mujer_mujeres_empren-fr.png","width":1024,"height":800,"caption":"Taconeo FR"},"image":{"@id":"https:\/\/taconeo.es\/fr\/#\/schema\/logo\/image\/"}}]}},"_links":{"self":[{"href":"https:\/\/taconeo.es\/fr\/wp-json\/wp\/v2\/product\/16135"}],"collection":[{"href":"https:\/\/taconeo.es\/fr\/wp-json\/wp\/v2\/product"}],"about":[{"href":"https:\/\/taconeo.es\/fr\/wp-json\/wp\/v2\/types\/product"}],"version-history":[{"count":1,"href":"https:\/\/taconeo.es\/fr\/wp-json\/wp\/v2\/product\/16135\/revisions"}],"predecessor-version":[{"id":17959,"href":"https:\/\/taconeo.es\/fr\/wp-json\/wp\/v2\/product\/16135\/revisions\/17959"}],"wp:featuredmedia":[{"embeddable":true,"href":"https:\/\/taconeo.es\/fr\/wp-json\/wp\/v2\/media\/12403"}],"wp:attachment":[{"href":"https:\/\/taconeo.es\/fr\/wp-json\/wp\/v2\/media?parent=16135"}],"wp:term":[{"taxonomy":"product_cat","embeddable":true,"href":"https:\/\/taconeo.es\/fr\/wp-json\/wp\/v2\/product_cat?post=16135"},{"taxonomy":"product_tag","embeddable":true,"href":"https:\/\/taconeo.es\/fr\/wp-json\/wp\/v2\/product_tag?post=16135"}],"curies":[{"name":"wp","href":"https:\/\/api.w.org\/{rel}","templated":true}]}}